{"id":6447,"date":"2015-10-10T16:44:15","date_gmt":"2015-10-10T16:44:15","guid":{"rendered":"http:\/\/encoigualdad.com\/index.php\/contact\/"},"modified":"2021-09-01T11:44:17","modified_gmt":"2021-09-01T11:44:17","slug":"contacto","status":"publish","type":"page","link":"https:\/\/encoigualdad.com\/index.php\/contacto\/","title":{"rendered":"CONTACTO"},"content":{"rendered":"<p>[vc_row padding_top=\u00bb70&#8243; padding_bottom=\u00bb50&#8243; margin_bottom=\u00bb0&#8243;][vc_column width=\u00bb1\/2&#8243; tablet_sm_width=\u00bb1&#8243;]<div class=\"grve-element grve-slogan grve-align-center\" style=\"\"><div class=\"grve-subtitle\">\u00bfQUIERE SABER M\u00c1S?<\/div><h2 class=\"grve-slogan-title grve-align-center grve-h2\"><span>A SU DISPOSICI\u00d3N<span class=\"grve-title-line grve-bg-primary-1\" style=\"width: 50px;height: 5px;\"><\/span><\/span><\/h2><\/div>[vc_column_text animation=\u00bbfadeInLeft\u00bb animation_delay=\u00bb400&#8243;]<\/p>\n<p style=\"text-align: justify;\">\u00bfQuiere realizar un Plan de Igualdad pero no sabe por d\u00f3nde empezar? \u00bfNecesita una formaci\u00f3n espec\u00edfica? \u00bfDesea una acci\u00f3n de comunicaci\u00f3n relacionada con la igualdad? o simplemente quiere m\u00e1s informaci\u00f3n o una propuesta. No hay problema. Estamos aqu\u00ed para ofrecerle toda la informaci\u00f3n. Cu\u00e9ntenos que desea y le ayudaremos a conseguirlo.<\/p>\n<p>[\/vc_column_text][vc_empty_space height=\u00bb20&#8243;]<div class=\"grve-element grve-box-icon grve-align-left grve-small grve-animated-item grve-fadeInRight\" style=\"margin-bottom: 0px;\" data-delay=\"300\">  <div class=\"grve-wrapper-icon grve-no-shape grve-text-grey\"><i class=\"entypo-icon entypo-icon-location grve-text-primary-1\"><\/i><\/div>  <div class=\"grve-box-content\">      <h3 class=\"grve-box-title grve-h5\">D\u00d3NDE ESTAMOS<\/h3>    <p class=\"\">Plaza de la Constituci\u00f3n, 12 bajo. Burlada (Navarra)<\/p>  <\/div><\/div>[vc_empty_space height=\u00bb20&#8243;]<div class=\"grve-element grve-box-icon grve-align-left grve-small grve-animated-item grve-fadeInRight\" style=\"margin-bottom: 0px;\" data-delay=\"600\">  <div class=\"grve-wrapper-icon grve-no-shape grve-text-grey\"><i class=\"entypo-icon entypo-icon-phone grve-text-primary-1\"><\/i><\/div>  <div class=\"grve-box-content\">      <h3 class=\"grve-box-title grve-h5\">TEL\u00c9FONO<\/h3>    <p class=\"\">948 25 77 00<\/p>  <\/div><\/div>[vc_empty_space height=\u00bb20&#8243;]<div class=\"grve-element grve-box-icon grve-align-left grve-small grve-animated-item grve-fadeInRight\" style=\"margin-bottom: 0px;\" data-delay=\"600\">  <div class=\"grve-wrapper-icon grve-no-shape grve-text-grey\"><i class=\"entypo-icon entypo-icon-mail grve-text-primary-1\"><\/i><\/div>  <div class=\"grve-box-content\">      <h3 class=\"grve-box-title grve-h5\">MAIL<\/h3>    <p class=\"\">info@encoigualdad.com<\/p>  <\/div><\/div>[\/vc_column][vc_column width=\u00bb1\/2&#8243; tablet_sm_width=\u00bb1&#8243;][vc_empty_space height=\u00bb80&#8243;]<div role=\"form\" class=\"wpcf7\" id=\"wpcf7-f6654-o1\" lang=\"en-US\" dir=\"ltr\">\n<div class=\"screen-reader-response\"><p role=\"status\" aria-live=\"polite\" aria-atomic=\"true\"><\/p> <ul><\/ul><\/div>\n<form action=\"\/index.php\/wp-json\/wp\/v2\/pages\/6447#wpcf7-f6654-o1\" method=\"post\" class=\"wpcf7-form init\" novalidate=\"novalidate\" data-status=\"init\">\n<div style=\"display: none;\">\n<input type=\"hidden\" name=\"_wpcf7\" value=\"6654\" \/>\n<input type=\"hidden\" name=\"_wpcf7_version\" value=\"5.4.2\" \/>\n<input type=\"hidden\" name=\"_wpcf7_locale\" value=\"en_US\" \/>\n<input type=\"hidden\" name=\"_wpcf7_unit_tag\" value=\"wpcf7-f6654-o1\" \/>\n<input type=\"hidden\" name=\"_wpcf7_container_post\" value=\"0\" \/>\n<input type=\"hidden\" name=\"_wpcf7_posted_data_hash\" value=\"\" \/>\n<\/div>\n<div class=\"grve-form-style-1 grve-form-dark\">\n<div class=\"grve-one-half\"><span class=\"wpcf7-form-control-wrap your-name\"><input type=\"text\" name=\"your-name\" value=\"\" size=\"40\" class=\"wpcf7-form-control wpcf7-text wpcf7-validates-as-required\" aria-required=\"true\" aria-invalid=\"false\" placeholder=\"NOMBRE Y APELLIDOS (*)\" \/><\/span><\/div>\n<div class=\"grve-one-half grve-last-column\"><span class=\"wpcf7-form-control-wrap your-company\"><input type=\"text\" name=\"your-company\" value=\"\" size=\"40\" class=\"wpcf7-form-control wpcf7-text wpcf7-validates-as-required\" aria-required=\"true\" aria-invalid=\"false\" placeholder=\"EMPRESA\" \/><\/span><\/div>\n<div class=\"grve-one-half\"><span class=\"wpcf7-form-control-wrap tel-210\"><input type=\"tel\" name=\"tel-210\" value=\"\" size=\"40\" class=\"wpcf7-form-control wpcf7-text wpcf7-tel wpcf7-validates-as-tel\" aria-invalid=\"false\" placeholder=\"TEL\u00c9FONO\" \/><\/span><\/div>\n<div class=\"grve-one-half grve-last-column\"><span class=\"wpcf7-form-control-wrap your-email\"><input type=\"email\" name=\"your-email\" value=\"\" size=\"40\" class=\"wpcf7-form-control wpcf7-text wpcf7-email wpcf7-validates-as-required wpcf7-validates-as-email\" aria-required=\"true\" aria-invalid=\"false\" placeholder=\"EMAIL (*)\" \/><\/span><\/div>\n<div><span class=\"wpcf7-form-control-wrap your-subject\"><input type=\"text\" name=\"your-subject\" value=\"\" size=\"40\" class=\"wpcf7-form-control wpcf7-text\" aria-invalid=\"false\" placeholder=\"\u00bfQU\u00c9 DESEA?\" \/><\/span><\/div>\n<div><span class=\"wpcf7-form-control-wrap your-message\"><textarea name=\"your-message\" cols=\"40\" rows=\"10\" class=\"wpcf7-form-control wpcf7-textarea\" aria-invalid=\"false\" placeholder=\"MENSAJE\"><\/textarea><\/span><\/div>\n<div class=\"grve-align-center\"><input type=\"submit\" value=\"ENVIAR\" class=\"wpcf7-form-control wpcf7-submit\" \/><\/div>\n<\/div>\n<div class=\"wpcf7-response-output\" aria-hidden=\"true\"><\/div><\/form><\/div>[\/vc_column][\/vc_row][vc_row padding_top=\u00bb0&#8243; padding_bottom=\u00bb0&#8243;][vc_column]<div class=\"grve-element grve-hr \" style=\"padding-top: 0px;padding-bottom: 0px;\"><div class=\"grve-line-divider\"><\/div><\/div>[\/vc_column][\/vc_row][vc_row footer_feature=\u00bbyes\u00bb padding_top=\u00bb20&#8243; padding_bottom=\u00bb20&#8243;][vc_column width=\u00bb1\/2&#8243;]<div class=\"grve-element grve-slogan grve-align-center\" style=\"\"><div class=\"grve-subtitle\">\u00bfQUIERE SABER M\u00c1S?<\/div><h2 class=\"grve-slogan-title grve-align-center grve-h4\"><span>SUSCR\u00cdBASE A NUESTRO NEWSLETTER<span class=\"grve-title-line grve-bg-primary-1\" style=\"width: 50px;height: 5px;\"><\/span><\/span><\/h2><\/div>[vc_column_text animation=\u00bbfadeInLeft\u00bb animation_delay=\u00bb400&#8243;]<\/p>\n<p style=\"text-align: justify;\">Si desea estar al tanto de actualidad sobre Planes de Igualdad y conocer nuevos servicios y cursos que vamos ofreciendo, suscr\u00edbase a nuestro newsletter ENCONEWS.<\/p>\n<p>[\/vc_column_text][\/vc_column][vc_column width=\u00bb1\/2&#8243;][vc_empty_space height=\u00bb80&#8243;]<div role=\"form\" class=\"wpcf7\" id=\"wpcf7-f6718-o2\" lang=\"en-US\" dir=\"ltr\">\n<div class=\"screen-reader-response\"><p role=\"status\" aria-live=\"polite\" aria-atomic=\"true\"><\/p> <ul><\/ul><\/div>\n<form action=\"\/index.php\/wp-json\/wp\/v2\/pages\/6447#wpcf7-f6718-o2\" method=\"post\" class=\"wpcf7-form init\" novalidate=\"novalidate\" data-status=\"init\">\n<div style=\"display: none;\">\n<input type=\"hidden\" name=\"_wpcf7\" value=\"6718\" \/>\n<input type=\"hidden\" name=\"_wpcf7_version\" value=\"5.4.2\" \/>\n<input type=\"hidden\" name=\"_wpcf7_locale\" value=\"en_US\" \/>\n<input type=\"hidden\" name=\"_wpcf7_unit_tag\" value=\"wpcf7-f6718-o2\" \/>\n<input type=\"hidden\" name=\"_wpcf7_container_post\" value=\"0\" \/>\n<input type=\"hidden\" name=\"_wpcf7_posted_data_hash\" value=\"\" \/>\n<\/div>\n<div class=\"grve-form-style-3\">\n<div class=\"grve-one-third\"><span class=\"wpcf7-form-control-wrap your-name\"><input type=\"text\" name=\"your-name\" value=\"\" size=\"40\" class=\"wpcf7-form-control wpcf7-text wpcf7-validates-as-required\" aria-required=\"true\" aria-invalid=\"false\" placeholder=\"NOMBRE (*)\" \/><\/span><\/div>\n<div class=\"grve-one-third\"><span class=\"wpcf7-form-control-wrap your-email\"><input type=\"email\" name=\"your-email\" value=\"\" size=\"40\" class=\"wpcf7-form-control wpcf7-text wpcf7-email wpcf7-validates-as-required wpcf7-validates-as-email\" aria-required=\"true\" aria-invalid=\"false\" placeholder=\"MAIL (*)\" \/><\/span><\/div>\n<div class=\"grve-one-third grve-last-column\"><input type=\"submit\" value=\"SUSCRIBIRME\" class=\"wpcf7-form-control wpcf7-submit\" \/><\/div>\n<\/div>\n<div class=\"wpcf7-response-output\" aria-hidden=\"true\"><\/div><\/form><\/div>[\/vc_column][\/vc_row]<\/p>\n","protected":false},"excerpt":{"rendered":"<p>[vc_row padding_top=\u00bb70&#8243; padding_bottom=\u00bb50&#8243; margin_bottom=\u00bb0&#8243;][vc_column width=\u00bb1\/2&#8243; tablet_sm_width=\u00bb1&#8243;][vc_column_text animation=\u00bbfadeInLeft\u00bb animation_delay=\u00bb400&#8243;] \u00bfQuiere realizar un Plan de Igualdad pero no sabe por d\u00f3nde empezar? \u00bfNecesita una formaci\u00f3n espec\u00edfica? \u00bfDesea una acci\u00f3n de comunicaci\u00f3n relacionada con la igualdad? o simplemente quiere m\u00e1s informaci\u00f3n o una propuesta. No hay problema. Estamos aqu\u00ed para ofrecerle toda la informaci\u00f3n. Cu\u00e9ntenos que desea y [&hellip;]<\/p>\n","protected":false},"author":1,"featured_media":0,"parent":0,"menu_order":7,"comment_status":"closed","ping_status":"closed","template":"","meta":[],"yoast_head":"<!-- This site is optimized with the Yoast SEO plugin v17.2.1 - https:\/\/yoast.com\/wordpress\/plugins\/seo\/ -->\n<title>CONTACTO - ENCO_IGUALDAD<\/title>\n<meta name=\"robots\" content=\"index, follow, max-snippet:-1, max-image-preview:large, max-video-preview:-1\" \/>\n<link rel=\"canonical\" href=\"https:\/\/encoigualdad.com\/index.php\/contacto\/\" \/>\n<meta property=\"og:locale\" content=\"es_ES\" \/>\n<meta property=\"og:type\" content=\"article\" \/>\n<meta property=\"og:title\" content=\"CONTACTO - ENCO_IGUALDAD\" \/>\n<meta property=\"og:description\" content=\"[vc_row padding_top=\u00bb70&#8243; padding_bottom=\u00bb50&#8243; margin_bottom=\u00bb0&#8243;][vc_column width=\u00bb1\/2&#8243; tablet_sm_width=\u00bb1&#8243;][vc_column_text animation=\u00bbfadeInLeft\u00bb animation_delay=\u00bb400&#8243;] \u00bfQuiere realizar un Plan de Igualdad pero no sabe por d\u00f3nde empezar? \u00bfNecesita una formaci\u00f3n espec\u00edfica? \u00bfDesea una acci\u00f3n de comunicaci\u00f3n relacionada con la igualdad? o simplemente quiere m\u00e1s informaci\u00f3n o una propuesta. No hay problema. Estamos aqu\u00ed para ofrecerle toda la informaci\u00f3n. Cu\u00e9ntenos que desea y [&hellip;]\" \/>\n<meta property=\"og:url\" content=\"https:\/\/encoigualdad.com\/index.php\/contacto\/\" \/>\n<meta property=\"og:site_name\" content=\"ENCO_IGUALDAD\" \/>\n<meta property=\"article:modified_time\" content=\"2021-09-01T11:44:17+00:00\" \/>\n<meta name=\"twitter:card\" content=\"summary_large_image\" \/>\n<meta name=\"twitter:label1\" content=\"Tiempo de lectura\" \/>\n\t<meta name=\"twitter:data1\" content=\"1 minuto\" \/>\n<script type=\"application\/ld+json\" class=\"yoast-schema-graph\">{\"@context\":\"https:\/\/schema.org\",\"@graph\":[{\"@type\":\"WebSite\",\"@id\":\"https:\/\/encoigualdad.com\/#website\",\"url\":\"https:\/\/encoigualdad.com\/\",\"name\":\"ENCO_IGUALDAD\",\"description\":\"PLANES DE IGUALDAD PARA EMPRESAS\",\"potentialAction\":[{\"@type\":\"SearchAction\",\"target\":{\"@type\":\"EntryPoint\",\"urlTemplate\":\"https:\/\/encoigualdad.com\/?s={search_term_string}\"},\"query-input\":\"required name=search_term_string\"}],\"inLanguage\":\"es\"},{\"@type\":\"WebPage\",\"@id\":\"https:\/\/encoigualdad.com\/index.php\/contacto\/#webpage\",\"url\":\"https:\/\/encoigualdad.com\/index.php\/contacto\/\",\"name\":\"CONTACTO - ENCO_IGUALDAD\",\"isPartOf\":{\"@id\":\"https:\/\/encoigualdad.com\/#website\"},\"datePublished\":\"2015-10-10T16:44:15+00:00\",\"dateModified\":\"2021-09-01T11:44:17+00:00\",\"breadcrumb\":{\"@id\":\"https:\/\/encoigualdad.com\/index.php\/contacto\/#breadcrumb\"},\"inLanguage\":\"es\",\"potentialAction\":[{\"@type\":\"ReadAction\",\"target\":[\"https:\/\/encoigualdad.com\/index.php\/contacto\/\"]}]},{\"@type\":\"BreadcrumbList\",\"@id\":\"https:\/\/encoigualdad.com\/index.php\/contacto\/#breadcrumb\",\"itemListElement\":[{\"@type\":\"ListItem\",\"position\":1,\"name\":\"Portada\",\"item\":\"https:\/\/encoigualdad.com\/\"},{\"@type\":\"ListItem\",\"position\":2,\"name\":\"CONTACTO\"}]}]}<\/script>\n<!-- \/ Yoast SEO plugin. -->","yoast_head_json":{"title":"CONTACTO - ENCO_IGUALDAD","robots":{"index":"index","follow":"follow","max-snippet":"max-snippet:-1","max-image-preview":"max-image-preview:large","max-video-preview":"max-video-preview:-1"},"canonical":"https:\/\/encoigualdad.com\/index.php\/contacto\/","og_locale":"es_ES","og_type":"article","og_title":"CONTACTO - ENCO_IGUALDAD","og_description":"[vc_row padding_top=\u00bb70&#8243; padding_bottom=\u00bb50&#8243; margin_bottom=\u00bb0&#8243;][vc_column width=\u00bb1\/2&#8243; tablet_sm_width=\u00bb1&#8243;][vc_column_text animation=\u00bbfadeInLeft\u00bb animation_delay=\u00bb400&#8243;] \u00bfQuiere realizar un Plan de Igualdad pero no sabe por d\u00f3nde empezar? \u00bfNecesita una formaci\u00f3n espec\u00edfica? \u00bfDesea una acci\u00f3n de comunicaci\u00f3n relacionada con la igualdad? o simplemente quiere m\u00e1s informaci\u00f3n o una propuesta. No hay problema. Estamos aqu\u00ed para ofrecerle toda la informaci\u00f3n. Cu\u00e9ntenos que desea y [&hellip;]","og_url":"https:\/\/encoigualdad.com\/index.php\/contacto\/","og_site_name":"ENCO_IGUALDAD","article_modified_time":"2021-09-01T11:44:17+00:00","twitter_card":"summary_large_image","twitter_misc":{"Tiempo de lectura":"1 minuto"},"schema":{"@context":"https:\/\/schema.org","@graph":[{"@type":"WebSite","@id":"https:\/\/encoigualdad.com\/#website","url":"https:\/\/encoigualdad.com\/","name":"ENCO_IGUALDAD","description":"PLANES DE IGUALDAD PARA EMPRESAS","potentialAction":[{"@type":"SearchAction","target":{"@type":"EntryPoint","urlTemplate":"https:\/\/encoigualdad.com\/?s={search_term_string}"},"query-input":"required name=search_term_string"}],"inLanguage":"es"},{"@type":"WebPage","@id":"https:\/\/encoigualdad.com\/index.php\/contacto\/#webpage","url":"https:\/\/encoigualdad.com\/index.php\/contacto\/","name":"CONTACTO - ENCO_IGUALDAD","isPartOf":{"@id":"https:\/\/encoigualdad.com\/#website"},"datePublished":"2015-10-10T16:44:15+00:00","dateModified":"2021-09-01T11:44:17+00:00","breadcrumb":{"@id":"https:\/\/encoigualdad.com\/index.php\/contacto\/#breadcrumb"},"inLanguage":"es","potentialAction":[{"@type":"ReadAction","target":["https:\/\/encoigualdad.com\/index.php\/contacto\/"]}]},{"@type":"BreadcrumbList","@id":"https:\/\/encoigualdad.com\/index.php\/contacto\/#breadcrumb","itemListElement":[{"@type":"ListItem","position":1,"name":"Portada","item":"https:\/\/encoigualdad.com\/"},{"@type":"ListItem","position":2,"name":"CONTACTO"}]}]}},"_links":{"self":[{"href":"https:\/\/encoigualdad.com\/index.php\/wp-json\/wp\/v2\/pages\/6447"}],"collection":[{"href":"https:\/\/encoigualdad.com\/index.php\/wp-json\/wp\/v2\/pages"}],"about":[{"href":"https:\/\/encoigualdad.com\/index.php\/wp-json\/wp\/v2\/types\/page"}],"author":[{"embeddable":true,"href":"https:\/\/encoigualdad.com\/index.php\/wp-json\/wp\/v2\/users\/1"}],"replies":[{"embeddable":true,"href":"https:\/\/encoigualdad.com\/index.php\/wp-json\/wp\/v2\/comments?post=6447"}],"version-history":[{"count":28,"href":"https:\/\/encoigualdad.com\/index.php\/wp-json\/wp\/v2\/pages\/6447\/revisions"}],"predecessor-version":[{"id":7173,"href":"https:\/\/encoigualdad.com\/index.php\/wp-json\/wp\/v2\/pages\/6447\/revisions\/7173"}],"wp:attachment":[{"href":"https:\/\/encoigualdad.com\/index.php\/wp-json\/wp\/v2\/media?parent=6447"}],"curies":[{"name":"wp","href":"https:\/\/api.w.org\/{rel}","templated":true}]}}