{"id":6783,"date":"2021-08-06T10:32:24","date_gmt":"2021-08-06T10:32:24","guid":{"rendered":"http:\/\/encoigualdad.com\/?page_id=6783"},"modified":"2021-09-27T10:14:13","modified_gmt":"2021-09-27T10:14:13","slug":"planes-de-igualdad-para-empresas","status":"publish","type":"page","link":"https:\/\/encoigualdad.com\/index.php\/planes-de-igualdad-para-empresas\/","title":{"rendered":"PLANES DE IGUALDAD PARA EMPRESAS"},"content":{"rendered":"<p>[vc_row padding_top=\u00bb50&#8243; padding_bottom=\u00bb50&#8243; margin_bottom=\u00bb0&#8243;][vc_column]<div class=\"grve-element grve-slogan grve-align-center\" style=\"\"><div class=\"grve-subtitle\">LOS VALORES QUE NOS DIFERENCIAN<\/div><h2 class=\"grve-slogan-title grve-align-center grve-h3\"><span>\u00bfPOR QU\u00c9 ELEGIR ENCO PARA REALIZAR SU PLAN DE IGUALDAD?<span class=\"grve-title-line grve-bg-primary-2\" style=\"width: 50px;height: 5px;\"><\/span><\/span><\/h2><\/div>[vc_column_text text_style=\u00bbsubtitle\u00bb]<\/p>\n<p style=\"text-align: center;\">Somos la \u00fanica agencia de comunicaci\u00f3n con un equipo certificado para la realizaci\u00f3n de planes de igualdad lo que nos aporta un alto valor a\u00f1adido en estrategia y flexibilidad que se suma al profundo conocimiento de las empresas despu\u00e9s de casi 20 a\u00f1os trabajando con ellas<\/p>\n<p>[\/vc_column_text][\/vc_column][\/vc_row][vc_row header_feature=\u00bbyes\u00bb padding_top=\u00bb100&#8243; padding_bottom=\u00bb100&#8243; margin_bottom=\u00bb0&#8243;][vc_column width=\u00bb1\/3&#8243;]<div class=\"grve-element grve-slogan grve-align-left\" style=\"\"><div class=\"grve-subtitle\">CERTIFICADOS<\/div><h2 class=\"grve-slogan-title grve-align-left grve-h4\"><span>CONOCIMIENTO<span class=\"grve-title-line grve-bg-primary-2\" style=\"width: 50px;height: 5px;\"><\/span><\/span><\/h2><\/div>[vc_column_text]Un equipo de profesionales certificados oficialmente para la realizaci\u00f3n de implantaci\u00f3n en planes y medidas de igualdad en las empresas y con una amplia experiencia en comunicaci\u00f3n, marketing y formaci\u00f3n.[\/vc_column_text]<div class=\"grve-element grve-align-center\"><a href=\"http:\/\/encoigualdad.com\/index.php\/quienes-somos\/#equipo\" class=\"grve-btn grve-btn-small grve-round grve-bg-primary-1 grve-bg-hover-black\"><span>CONOZCA NUESTRO EQUIPO<\/span><\/a><\/div>[\/vc_column][vc_column width=\u00bb1\/3&#8243;]<div class=\"grve-element grve-slogan grve-align-left\" style=\"\"><div class=\"grve-subtitle\">SERVICIO INTEGRAL E INNOVADOR<\/div><h2 class=\"grve-slogan-title grve-align-left grve-h4\"><span>VISI\u00d3N INTEGRADORA<span class=\"grve-title-line grve-bg-primary-2\" style=\"width: 50px;height: 5px;\"><\/span><\/span><\/h2><\/div>[vc_column_text]La igualdad es una oportunidad para la mejora empresarial que enfocamos desde una visi\u00f3n integradora de personas, comunicaci\u00f3n y formaci\u00f3n. Tres ejes esenciales para conseguir los objetivos marcados.[\/vc_column_text]<div class=\"grve-element grve-align-center\"><a href=\"http:\/\/encoigualdad.com\/index.php\/quienes-somos\/#metodoenco\" class=\"grve-btn grve-btn-small grve-round grve-bg-primary-1 grve-bg-hover-black\"><span>\u00bfC\u00d3MO LO HACEMOS?<\/span><\/a><\/div>[\/vc_column][vc_column width=\u00bb1\/3&#8243;]<div class=\"grve-element grve-slogan grve-align-left\" style=\"\"><div class=\"grve-subtitle\">HABLAMOS SU MISMO IDIOMA<\/div><h2 class=\"grve-slogan-title grve-align-left grve-h4\"><span>CONFIANZA Y CERCAN\u00cdA<span class=\"grve-title-line grve-bg-primary-2\" style=\"width: 50px;height: 5px;\"><\/span><\/span><\/h2><\/div>[vc_column_text]M\u00e1s de veinte a\u00f1os gestionando proyectos con todo tipo de empresas y organizaciones nos permiten conocer de cerca la realidad empresarial y la necesidad de actuar con eficacia, confianza y transparencia.[\/vc_column_text]<div class=\"grve-element grve-align-center\"><a href=\"http:\/\/encoigualdad.com\/index.php\/quienes-somos\/\" class=\"grve-btn grve-btn-small grve-round grve-bg-primary-1 grve-bg-hover-black\"><span>SABER M\u00c1S<\/span><\/a><\/div>[\/vc_column][\/vc_row][vc_row header_feature=\u00bbyes\u00bb padding_top=\u00bb100&#8243; padding_bottom=\u00bb100&#8243; margin_bottom=\u00bb0&#8243;][vc_column width=\u00bb1\/3&#8243;]<div class=\"grve-element grve-slogan grve-align-left\" style=\"\"><div class=\"grve-subtitle\">ADAPTACI\u00d3N A SUS NECESIDADES<\/div><h2 class=\"grve-slogan-title grve-align-left grve-h4\"><span>FLEXIBILIDAD Y EFICACIA<span class=\"grve-title-line grve-bg-primary-2\" style=\"width: 50px;height: 5px;\"><\/span><\/span><\/h2><\/div>[vc_column_text]No hay dos empresas iguales. El Plan de Igualdad no es un \u00abcorta y pega\u00bb sino que parte de una reflexi\u00f3n \u00fanica con un diagn\u00f3stico y acciones a medida. Todo ello desarrollado siempre con la m\u00e1xima eficacia.[\/vc_column_text]<div class=\"grve-element grve-align-center\"><a href=\"http:\/\/encoigualdad.com\/index.php\/quienes-somos\/#metodoenco\" class=\"grve-btn grve-btn-small grve-round grve-bg-primary-1 grve-bg-hover-black\"><span>SABER M\u00c1S<\/span><\/a><\/div>[\/vc_column][vc_column width=\u00bb1\/3&#8243;]<div class=\"grve-element grve-slogan grve-align-left\" style=\"\"><div class=\"grve-subtitle\">EL ELEMENTO DIFERENCIAL<\/div><h2 class=\"grve-slogan-title grve-align-left grve-h4\"><span>COMUNICACI\u00d3N<span class=\"grve-title-line grve-bg-primary-2\" style=\"width: 50px;height: 5px;\"><\/span><\/span><\/h2><\/div>[vc_column_text]Ser una agencia de comunicaci\u00f3n nos permite dise\u00f1ar, auditar y desarrollar directamente todo tipo de acciones de comunicaci\u00f3n en todos los \u00e1mbitos corporativos logrando mayor impacto y eficacia.[\/vc_column_text]<div class=\"grve-element grve-align-center\"><a href=\"http:\/\/encoigualdad.com\/index.php\/comunicacion\/\" class=\"grve-btn grve-btn-small grve-round grve-bg-primary-1 grve-bg-hover-black\"><span>CONOCER SOLUCIONES DE COMUNICACION<\/span><\/a><\/div>[\/vc_column][vc_column width=\u00bb1\/3&#8243;]<div class=\"grve-element grve-slogan grve-align-left\" style=\"\"><div class=\"grve-subtitle\">LA CLAVE PARA EL \u00c9XITO<\/div><h2 class=\"grve-slogan-title grve-align-left grve-h4\"><span>FORMACI\u00d3N<span class=\"grve-title-line grve-bg-primary-2\" style=\"width: 50px;height: 5px;\"><\/span><\/span><\/h2><\/div>[vc_column_text]La formaci\u00f3n es un eje esencial ya que pone en pr\u00e1ctica el marco te\u00f3rico que el Plan de Igualdad desarrolla. Un plan formativo flexible, concreto y atractivo es la clave para el \u00e9xito del proyecto.[\/vc_column_text]<div class=\"grve-element grve-align-center\"><a href=\"http:\/\/encoigualdad.com\/index.php\/formacion\/\" class=\"grve-btn grve-btn-small grve-round grve-bg-primary-1 grve-bg-hover-black\"><span>CONOCER PLANES DE FORMACI\u00d3N<\/span><\/a><\/div>[\/vc_column][\/vc_row][vc_row heading_color=\u00bblight\u00bb bg_type=\u00bbimage\u00bb bg_image=\u00bb6993&#8243; bg_image_type=\u00bbparallax\u00bb bg_image_size=\u00bbfull\u00bb color_overlay=\u00bbdark\u00bb opacity_overlay=\u00bb50&#8243; footer_feature=\u00bbyes\u00bb padding_top=\u00bb120&#8243; padding_bottom=\u00bb120&#8243; margin_bottom=\u00bb0&#8243; font_color=\u00bbrgba(255,255,255,0.63)\u00bb][vc_column css=\u00bb.vc_custom_1444673419444{padding-right: 15% !important;padding-left: 15% !important;}\u00bb]<div class=\"grve-element grve-slogan grve-align-center\" style=\"\"><div class=\"grve-subtitle\">Estudio y propuesta sin compromiso<\/div><h2 class=\"grve-slogan-title grve-align-center grve-h3\"><span>ESCUCHAMOS SUS NECESIDADES Y LE OFRECEMOS UNA PROPUESTA A MEDIDA<\/span><\/h2><div class=\"grve-btn-wrapper\"><a href=\"mailto:info@encoigualdad.com\" target=\"_blank\" class=\"grve-btn grve-btn-small grve-square grve-bg-white grve-bg-hover-primary-1 grve-btn-line\"><span>CONS\u00daLTENOS<\/span><\/a><\/div><\/div>[\/vc_column][\/vc_row]<\/p>\n","protected":false},"excerpt":{"rendered":"<p>[vc_row padding_top=\u00bb50&#8243; padding_bottom=\u00bb50&#8243; margin_bottom=\u00bb0&#8243;][vc_column][vc_column_text text_style=\u00bbsubtitle\u00bb] Somos la \u00fanica agencia de comunicaci\u00f3n con un equipo certificado para la realizaci\u00f3n de planes de igualdad lo que nos aporta un alto valor a\u00f1adido en estrategia y flexibilidad que se suma al profundo conocimiento de las empresas despu\u00e9s de casi 20 a\u00f1os trabajando con ellas [\/vc_column_text][\/vc_column][\/vc_row][vc_row header_feature=\u00bbyes\u00bb padding_top=\u00bb100&#8243; padding_bottom=\u00bb100&#8243; [&hellip;]<\/p>\n","protected":false},"author":1,"featured_media":0,"parent":0,"menu_order":2,"comment_status":"closed","ping_status":"closed","template":"","meta":[],"yoast_head":"<!-- This site is optimized with the Yoast SEO plugin v17.2.1 - https:\/\/yoast.com\/wordpress\/plugins\/seo\/ -->\n<title>PLANES DE IGUALDAD PARA EMPRESAS - ENCO_IGUALDAD<\/title>\n<meta name=\"description\" content=\"Somos la \u00fanica agencia de comunicaci\u00f3n con un equipo certificado para la realizaci\u00f3n de planes de igualdad lo que nos aporta un alto valor a\u00f1adido en estrategia y flexibilidad que se suma al profundo conocimiento de las empresas despu\u00e9s de casi 20 a\u00f1os trabajando con ellas\" \/>\n<meta name=\"robots\" content=\"index, follow, max-snippet:-1, max-image-preview:large, max-video-preview:-1\" \/>\n<link rel=\"canonical\" href=\"https:\/\/encoigualdad.com\/index.php\/planes-de-igualdad-para-empresas\/\" \/>\n<meta property=\"og:locale\" content=\"es_ES\" \/>\n<meta property=\"og:type\" content=\"article\" \/>\n<meta property=\"og:title\" content=\"PLANES DE IGUALDAD PARA EMPRESAS - ENCO_IGUALDAD\" \/>\n<meta property=\"og:description\" content=\"Somos la \u00fanica agencia de comunicaci\u00f3n con un equipo certificado para la realizaci\u00f3n de planes de igualdad lo que nos aporta un alto valor a\u00f1adido en estrategia y flexibilidad que se suma al profundo conocimiento de las empresas despu\u00e9s de casi 20 a\u00f1os trabajando con ellas\" \/>\n<meta property=\"og:url\" content=\"https:\/\/encoigualdad.com\/index.php\/planes-de-igualdad-para-empresas\/\" \/>\n<meta property=\"og:site_name\" content=\"ENCO_IGUALDAD\" \/>\n<meta property=\"article:modified_time\" content=\"2021-09-27T10:14:13+00:00\" \/>\n<meta name=\"twitter:card\" content=\"summary_large_image\" \/>\n<meta name=\"twitter:label1\" content=\"Tiempo de lectura\" \/>\n\t<meta name=\"twitter:data1\" content=\"2 minutos\" \/>\n<script type=\"application\/ld+json\" class=\"yoast-schema-graph\">{\"@context\":\"https:\/\/schema.org\",\"@graph\":[{\"@type\":\"WebSite\",\"@id\":\"https:\/\/encoigualdad.com\/#website\",\"url\":\"https:\/\/encoigualdad.com\/\",\"name\":\"ENCO_IGUALDAD\",\"description\":\"PLANES DE IGUALDAD PARA EMPRESAS\",\"potentialAction\":[{\"@type\":\"SearchAction\",\"target\":{\"@type\":\"EntryPoint\",\"urlTemplate\":\"https:\/\/encoigualdad.com\/?s={search_term_string}\"},\"query-input\":\"required name=search_term_string\"}],\"inLanguage\":\"es\"},{\"@type\":\"WebPage\",\"@id\":\"https:\/\/encoigualdad.com\/index.php\/planes-de-igualdad-para-empresas\/#webpage\",\"url\":\"https:\/\/encoigualdad.com\/index.php\/planes-de-igualdad-para-empresas\/\",\"name\":\"PLANES DE IGUALDAD PARA EMPRESAS - ENCO_IGUALDAD\",\"isPartOf\":{\"@id\":\"https:\/\/encoigualdad.com\/#website\"},\"datePublished\":\"2021-08-06T10:32:24+00:00\",\"dateModified\":\"2021-09-27T10:14:13+00:00\",\"description\":\"Somos la \\u00fanica agencia de comunicaci\\u00f3n con un equipo certificado para la realizaci\\u00f3n de planes de igualdad lo que nos aporta un alto valor a\\u00f1adido en estrategia y flexibilidad que se suma al profundo conocimiento de las empresas despu\\u00e9s de casi 20 a\\u00f1os trabajando con ellas\",\"breadcrumb\":{\"@id\":\"https:\/\/encoigualdad.com\/index.php\/planes-de-igualdad-para-empresas\/#breadcrumb\"},\"inLanguage\":\"es\",\"potentialAction\":[{\"@type\":\"ReadAction\",\"target\":[\"https:\/\/encoigualdad.com\/index.php\/planes-de-igualdad-para-empresas\/\"]}]},{\"@type\":\"BreadcrumbList\",\"@id\":\"https:\/\/encoigualdad.com\/index.php\/planes-de-igualdad-para-empresas\/#breadcrumb\",\"itemListElement\":[{\"@type\":\"ListItem\",\"position\":1,\"name\":\"Portada\",\"item\":\"https:\/\/encoigualdad.com\/\"},{\"@type\":\"ListItem\",\"position\":2,\"name\":\"PLANES DE IGUALDAD PARA EMPRESAS\"}]}]}<\/script>\n<!-- \/ Yoast SEO plugin. -->","yoast_head_json":{"title":"PLANES DE IGUALDAD PARA EMPRESAS - ENCO_IGUALDAD","description":"Somos la \u00fanica agencia de comunicaci\u00f3n con un equipo certificado para la realizaci\u00f3n de planes de igualdad lo que nos aporta un alto valor a\u00f1adido en estrategia y flexibilidad que se suma al profundo conocimiento de las empresas despu\u00e9s de casi 20 a\u00f1os trabajando con ellas","robots":{"index":"index","follow":"follow","max-snippet":"max-snippet:-1","max-image-preview":"max-image-preview:large","max-video-preview":"max-video-preview:-1"},"canonical":"https:\/\/encoigualdad.com\/index.php\/planes-de-igualdad-para-empresas\/","og_locale":"es_ES","og_type":"article","og_title":"PLANES DE IGUALDAD PARA EMPRESAS - ENCO_IGUALDAD","og_description":"Somos la \u00fanica agencia de comunicaci\u00f3n con un equipo certificado para la realizaci\u00f3n de planes de igualdad lo que nos aporta un alto valor a\u00f1adido en estrategia y flexibilidad que se suma al profundo conocimiento de las empresas despu\u00e9s de casi 20 a\u00f1os trabajando con ellas","og_url":"https:\/\/encoigualdad.com\/index.php\/planes-de-igualdad-para-empresas\/","og_site_name":"ENCO_IGUALDAD","article_modified_time":"2021-09-27T10:14:13+00:00","twitter_card":"summary_large_image","twitter_misc":{"Tiempo de lectura":"2 minutos"},"schema":{"@context":"https:\/\/schema.org","@graph":[{"@type":"WebSite","@id":"https:\/\/encoigualdad.com\/#website","url":"https:\/\/encoigualdad.com\/","name":"ENCO_IGUALDAD","description":"PLANES DE IGUALDAD PARA EMPRESAS","potentialAction":[{"@type":"SearchAction","target":{"@type":"EntryPoint","urlTemplate":"https:\/\/encoigualdad.com\/?s={search_term_string}"},"query-input":"required name=search_term_string"}],"inLanguage":"es"},{"@type":"WebPage","@id":"https:\/\/encoigualdad.com\/index.php\/planes-de-igualdad-para-empresas\/#webpage","url":"https:\/\/encoigualdad.com\/index.php\/planes-de-igualdad-para-empresas\/","name":"PLANES DE IGUALDAD PARA EMPRESAS - ENCO_IGUALDAD","isPartOf":{"@id":"https:\/\/encoigualdad.com\/#website"},"datePublished":"2021-08-06T10:32:24+00:00","dateModified":"2021-09-27T10:14:13+00:00","description":"Somos la \u00fanica agencia de comunicaci\u00f3n con un equipo certificado para la realizaci\u00f3n de planes de igualdad lo que nos aporta un alto valor a\u00f1adido en estrategia y flexibilidad que se suma al profundo conocimiento de las empresas despu\u00e9s de casi 20 a\u00f1os trabajando con ellas","breadcrumb":{"@id":"https:\/\/encoigualdad.com\/index.php\/planes-de-igualdad-para-empresas\/#breadcrumb"},"inLanguage":"es","potentialAction":[{"@type":"ReadAction","target":["https:\/\/encoigualdad.com\/index.php\/planes-de-igualdad-para-empresas\/"]}]},{"@type":"BreadcrumbList","@id":"https:\/\/encoigualdad.com\/index.php\/planes-de-igualdad-para-empresas\/#breadcrumb","itemListElement":[{"@type":"ListItem","position":1,"name":"Portada","item":"https:\/\/encoigualdad.com\/"},{"@type":"ListItem","position":2,"name":"PLANES DE IGUALDAD PARA EMPRESAS"}]}]}},"_links":{"self":[{"href":"https:\/\/encoigualdad.com\/index.php\/wp-json\/wp\/v2\/pages\/6783"}],"collection":[{"href":"https:\/\/encoigualdad.com\/index.php\/wp-json\/wp\/v2\/pages"}],"about":[{"href":"https:\/\/encoigualdad.com\/index.php\/wp-json\/wp\/v2\/types\/page"}],"author":[{"embeddable":true,"href":"https:\/\/encoigualdad.com\/index.php\/wp-json\/wp\/v2\/users\/1"}],"replies":[{"embeddable":true,"href":"https:\/\/encoigualdad.com\/index.php\/wp-json\/wp\/v2\/comments?post=6783"}],"version-history":[{"count":50,"href":"https:\/\/encoigualdad.com\/index.php\/wp-json\/wp\/v2\/pages\/6783\/revisions"}],"predecessor-version":[{"id":7244,"href":"https:\/\/encoigualdad.com\/index.php\/wp-json\/wp\/v2\/pages\/6783\/revisions\/7244"}],"wp:attachment":[{"href":"https:\/\/encoigualdad.com\/index.php\/wp-json\/wp\/v2\/media?parent=6783"}],"curies":[{"name":"wp","href":"https:\/\/api.w.org\/{rel}","templated":true}]}}