{"id":6788,"date":"2021-08-06T10:34:57","date_gmt":"2021-08-06T10:34:57","guid":{"rendered":"http:\/\/encoigualdad.com\/?page_id=6788"},"modified":"2021-09-27T09:57:29","modified_gmt":"2021-09-27T09:57:29","slug":"comunicacion","status":"publish","type":"page","link":"https:\/\/encoigualdad.com\/index.php\/comunicacion\/","title":{"rendered":"COMUNICACI\u00d3N"},"content":{"rendered":"<p>[vc_row padding_top=\u00bb50&#8243; padding_bottom=\u00bb50&#8243; margin_bottom=\u00bb0&#8243;][vc_column]<div class=\"grve-element grve-slogan grve-align-center\" style=\"\"><div class=\"grve-subtitle\">DESARROLLO DE ACCIONES Y HERRAMIENTAS DE COMUNICACI\u00d3N<\/div><h2 class=\"grve-slogan-title grve-align-center grve-h3\"><span>COMUNICAR EN IGUALDAD; EL ELEMENTO DIFERENCIAL<span class=\"grve-title-line grve-bg-primary-2\" style=\"width: 50px;height: 5px;\"><\/span><\/span><\/h2><\/div>[vc_column_text text_style=\u00bbsubtitle\u00bb]<\/p>\n<p style=\"text-align: center;\">Nuestra<strong> experiencia como agencia de comunicaci\u00f3n<\/strong> nos permite <strong>dise\u00f1ar, definir y auditar todo tipo de acciones de comunicaci\u00f3n<\/strong> en todos los \u00e1mbitos corporativos, tanto en el marco de l<strong>a ejecuci\u00f3n del Plan de Igualdad<\/strong>\u00a0como de<strong>\u00a0manera puntual y concreta en empresas y organizaciones<\/strong>\u00a0que tengan o no su Plan de Igualdad<\/p>\n<p>[\/vc_column_text][\/vc_column][\/vc_row][vc_row][vc_column]\t\t\t<div class=\"grve-element grve-with-gap grve-portfolio grve-isotope\" style=\"\" data-spinner=\"yes\" data-columns=\"3\" data-columns-tablet-landscape=\"3\" data-columns-tablet-portrait=\"2\" data-columns-mobile=\"1\" data-layout=\"fitRows\" data-gutter-size=\"40\">\r\n\t\t\r\n\t\t\t<div class=\"grve-isotope-container\">\r\n\t\t\t\t\t\t\t<article id=\"portfolio-7153-69f5ef1344d0a\" class=\"grve-isotope-item grve-portfolio-item  post-7153 portfolio type-portfolio status-publish has-post-thumbnail hentry portfolio_category-comunicacion-2 portfolio_category-comunicacion-externa\">\r\n\t\t\t\t\t\t\t\t\t\t\t\t\t\t\t\t\t<a href=\"https:\/\/encoigualdad.com\/index.php\/portfolio\/herramientas-comerciales\/\">\r\n\t\t\t\t\t\t\t\t\t\t<div class=\"grve-isotope-item-inner grve-zoomIn\">\r\n\t\t\t\t\t\t\t\t<figure class=\"grve-hover-style-2 grve-image-hover grve-zoom-none\">\r\n\t\t\t\t\t\t\t\t\t<div class=\"grve-media grve-text-light grve-bg-none\">\r\n\t\t\t\t\t\t\t\t\t\t\t\t\t\t\t\t\t\t\t\t<div class=\"grve-bg-primary-1 grve-hover-overlay grve-opacity-90\"><\/div>\r\n\t\t\t\t\t\t\t\t\t\t\t\t\t\t\t\t\t\t\t\t<img width=\"800\" height=\"600\" src=\"https:\/\/encoigualdad.com\/wp-content\/uploads\/2021\/08\/comunicacion_comercial-800x600.jpg\" class=\"attachment-blade-grve-small-rect-horizontal size-blade-grve-small-rect-horizontal\" alt=\"COMERCIAL-COMUNICACION-ENCO\" loading=\"lazy\" \/>\r\n\t\t\t\t\t\t\t\t\t\t\t\t\t\t\t\t\t\t\t<\/div>\r\n\t\t\t\t\t\t\t\t\t<figcaption>\r\n\t\t\t\t\t\t\t\t\t\t<div class=\"grve-portfolio-content\">\r\n\t\t\t\t\t\t\t\t\t\t\t\t\t\t\t\t\t\t\t\t\t\t<h2 class=\"grve-title grve-text-hover-primary-1 grve-h5\">HERRAMIENTAS COMERCIALES<\/h2>\r\n\t\t\t\t\t\t\t\t\t\t\t\t\t\t\t\t\t\t\t\t\t\t\t\t\t\t\t\t\t\t\t\t\t<div class=\"grve-caption grve-text-content\">Desarrollo de herramientas de comunicaci\u00f3n<\/div>\r\n\t\t\t\t\t\t\t\t\t\t\t\t\t\t\t\t\t\t\t\t\t<\/div>\r\n\t\t\t\t\t\t\t\t\t<\/figcaption>\r\n\t\t\t\t\t\t\t\t<\/figure>\r\n\t\t\t\t\t\t\t<\/div>\r\n\t\t\t\t\t\t\t<\/a>\t\t\t\t\t\t\r\n\t\t\t\t\t<\/article>\r\n\t\t\t\t\t<article id=\"portfolio-7137-69f5ef13452cc\" class=\"grve-isotope-item grve-portfolio-item  post-7137 portfolio type-portfolio status-publish has-post-thumbnail hentry portfolio_category-auditoria-digital portfolio_category-comunicacion-2\">\r\n\t\t\t\t\t\t\t\t\t\t\t\t\t\t\t\t\t<a href=\"https:\/\/encoigualdad.com\/index.php\/portfolio\/auditoria-web\/\">\r\n\t\t\t\t\t\t\t\t\t\t<div class=\"grve-isotope-item-inner grve-zoomIn\">\r\n\t\t\t\t\t\t\t\t<figure class=\"grve-hover-style-2 grve-image-hover grve-zoom-none\">\r\n\t\t\t\t\t\t\t\t\t<div class=\"grve-media grve-text-light grve-bg-none\">\r\n\t\t\t\t\t\t\t\t\t\t\t\t\t\t\t\t\t\t\t\t<div class=\"grve-bg-primary-1 grve-hover-overlay grve-opacity-90\"><\/div>\r\n\t\t\t\t\t\t\t\t\t\t\t\t\t\t\t\t\t\t\t\t<img width=\"800\" height=\"600\" src=\"https:\/\/encoigualdad.com\/wp-content\/uploads\/2021\/08\/comunicacion_web-800x600.jpg\" class=\"attachment-blade-grve-small-rect-horizontal size-blade-grve-small-rect-horizontal\" alt=\"AUDITORIA WEB-COMUNICACION-ENCO\" loading=\"lazy\" \/>\r\n\t\t\t\t\t\t\t\t\t\t\t\t\t\t\t\t\t\t\t<\/div>\r\n\t\t\t\t\t\t\t\t\t<figcaption>\r\n\t\t\t\t\t\t\t\t\t\t<div class=\"grve-portfolio-content\">\r\n\t\t\t\t\t\t\t\t\t\t\t\t\t\t\t\t\t\t\t\t\t\t<h2 class=\"grve-title grve-text-hover-primary-1 grve-h5\">AUDITOR\u00cdA WEB<\/h2>\r\n\t\t\t\t\t\t\t\t\t\t\t\t\t\t\t\t\t\t\t\t\t\t\t\t\t\t\t\t\t\t\t\t\t<div class=\"grve-caption grve-text-content\">Adecuaci\u00f3n de web a la perspectiva de g\u00e9nero<\/div>\r\n\t\t\t\t\t\t\t\t\t\t\t\t\t\t\t\t\t\t\t\t\t<\/div>\r\n\t\t\t\t\t\t\t\t\t<\/figcaption>\r\n\t\t\t\t\t\t\t\t<\/figure>\r\n\t\t\t\t\t\t\t<\/div>\r\n\t\t\t\t\t\t\t<\/a>\t\t\t\t\t\t\r\n\t\t\t\t\t<\/article>\r\n\t\t\t\t\t<article id=\"portfolio-7085-69f5ef13456f1\" class=\"grve-isotope-item grve-portfolio-item  post-7085 portfolio type-portfolio status-publish has-post-thumbnail hentry portfolio_category-auditoria-digital portfolio_category-comunicacion-2 portfolio_category-comunicacion-interna portfolio_category-imagen-corporativa\">\r\n\t\t\t\t\t\t\t\t\t\t\t\t\t\t\t\t\t<a href=\"https:\/\/encoigualdad.com\/index.php\/portfolio\/auditoria-de-redes-sociales\/\">\r\n\t\t\t\t\t\t\t\t\t\t<div class=\"grve-isotope-item-inner grve-zoomIn\">\r\n\t\t\t\t\t\t\t\t<figure class=\"grve-hover-style-2 grve-image-hover grve-zoom-none\">\r\n\t\t\t\t\t\t\t\t\t<div class=\"grve-media grve-text-light grve-bg-none\">\r\n\t\t\t\t\t\t\t\t\t\t\t\t\t\t\t\t\t\t\t\t<div class=\"grve-bg-primary-1 grve-hover-overlay grve-opacity-90\"><\/div>\r\n\t\t\t\t\t\t\t\t\t\t\t\t\t\t\t\t\t\t\t\t<img width=\"800\" height=\"600\" src=\"https:\/\/encoigualdad.com\/wp-content\/uploads\/2021\/08\/comunicacion_redes_sociales-800x600.jpg\" class=\"attachment-blade-grve-small-rect-horizontal size-blade-grve-small-rect-horizontal\" alt=\"REDES SOCIALES-COMUNICACION-ENCO\" loading=\"lazy\" \/>\r\n\t\t\t\t\t\t\t\t\t\t\t\t\t\t\t\t\t\t\t<\/div>\r\n\t\t\t\t\t\t\t\t\t<figcaption>\r\n\t\t\t\t\t\t\t\t\t\t<div class=\"grve-portfolio-content\">\r\n\t\t\t\t\t\t\t\t\t\t\t\t\t\t\t\t\t\t\t\t\t\t<h2 class=\"grve-title grve-text-hover-primary-1 grve-h5\">AUDITOR\u00cdA DE REDES SOCIALES<\/h2>\r\n\t\t\t\t\t\t\t\t\t\t\t\t\t\t\t\t\t\t\t\t\t\t\t\t\t\t\t\t\t\t\t\t\t<div class=\"grve-caption grve-text-content\">Adecuaci\u00f3n de perfiles y contenidos con perspectiva de g\u00e9nero<\/div>\r\n\t\t\t\t\t\t\t\t\t\t\t\t\t\t\t\t\t\t\t\t\t<\/div>\r\n\t\t\t\t\t\t\t\t\t<\/figcaption>\r\n\t\t\t\t\t\t\t\t<\/figure>\r\n\t\t\t\t\t\t\t<\/div>\r\n\t\t\t\t\t\t\t<\/a>\t\t\t\t\t\t\r\n\t\t\t\t\t<\/article>\r\n\t\t\t\t<\/div>\r\n\t\t\t<\/div>\r\n\r\n\t\t[\/vc_column][\/vc_row][vc_row heading_color=\u00bblight\u00bb bg_type=\u00bbimage\u00bb bg_image=\u00bb7002&#8243; bg_image_type=\u00bbparallax\u00bb bg_image_size=\u00bbfull\u00bb color_overlay=\u00bbdark\u00bb opacity_overlay=\u00bb50&#8243; footer_feature=\u00bbyes\u00bb padding_top=\u00bb120&#8243; padding_bottom=\u00bb120&#8243; margin_bottom=\u00bb0&#8243; font_color=\u00bbrgba(255,255,255,0.63)\u00bb][vc_column css=\u00bb.vc_custom_1444673419444{padding-right: 15% !important;padding-left: 15% !important;}\u00bb]<div class=\"grve-element grve-slogan grve-align-center\" style=\"\"><div class=\"grve-subtitle\">PLANES DE COMUNICACI\u00d3N | ESTRATEGIAS ESPEC\u00cdFICAS DE L\u00cdNEAS DE NEGOCIO Y PRODUCTOS | COMUNICACI\u00d3N INTERNA | POSICIONAMIENTO Y REPUTACI\u00d3N CORPORATIVA<\/div><h2 class=\"grve-slogan-title grve-align-center grve-h3\"><span>\u00bfNECESITA UNA ESTRATEGIA DE COMUNICACI\u00d3N?<\/span><\/h2><\/div>[vc_column_text]<\/p>\n<p style=\"text-align: center;\">Una amplia experiencia y formaci\u00f3n t\u00e9cnica en el an\u00e1lisis, dise\u00f1o e implementaci\u00f3n de estrategias de comunicaci\u00f3n corporativa<\/p>\n<p>[\/vc_column_text]<div class=\"grve-element grve-align-center\"><a href=\"https:\/\/ncencomunicacion.com\/que-hacemos\/#estrategia\" target=\"_blank\" class=\"grve-btn grve-btn-small grve-square grve-bg-white grve-bg-hover-primary-1 grve-btn-line\"><span>SABER M\u00c1S<\/span><\/a><\/div>[\/vc_column][\/vc_row]<\/p>\n","protected":false},"excerpt":{"rendered":"<p>[vc_row padding_top=\u00bb50&#8243; padding_bottom=\u00bb50&#8243; margin_bottom=\u00bb0&#8243;][vc_column][vc_column_text text_style=\u00bbsubtitle\u00bb] Nuestra experiencia como agencia de comunicaci\u00f3n nos permite dise\u00f1ar, definir y auditar todo tipo de acciones de comunicaci\u00f3n en todos los \u00e1mbitos corporativos, tanto en el marco de la ejecuci\u00f3n del Plan de Igualdad\u00a0como de\u00a0manera puntual y concreta en empresas y organizaciones\u00a0que tengan o no su Plan de Igualdad [\/vc_column_text][\/vc_column][\/vc_row][vc_row][vc_column][\/vc_column][\/vc_row][vc_row [&hellip;]<\/p>\n","protected":false},"author":1,"featured_media":0,"parent":0,"menu_order":4,"comment_status":"closed","ping_status":"closed","template":"","meta":[],"yoast_head":"<!-- This site is optimized with the Yoast SEO plugin v17.2.1 - https:\/\/yoast.com\/wordpress\/plugins\/seo\/ -->\n<title>COMUNICACI\u00d3N - ENCO_IGUALDAD<\/title>\n<meta name=\"description\" content=\"Dise\u00f1ar, definir y auditar todo tipo de acciones de comunicaci\u00f3n en todos los \u00e1mbitos corporativos, tanto en el marco de la ejecuci\u00f3n del plan de igualdad como de manera puntual y concreta en empresas y organizaciones que tengan o no su plan de igualdad\" \/>\n<meta name=\"robots\" content=\"index, follow, max-snippet:-1, max-image-preview:large, max-video-preview:-1\" \/>\n<link rel=\"canonical\" href=\"https:\/\/encoigualdad.com\/index.php\/comunicacion\/\" \/>\n<meta property=\"og:locale\" content=\"es_ES\" \/>\n<meta property=\"og:type\" content=\"article\" \/>\n<meta property=\"og:title\" content=\"COMUNICACI\u00d3N - ENCO_IGUALDAD\" \/>\n<meta property=\"og:description\" content=\"Dise\u00f1ar, definir y auditar todo tipo de acciones de comunicaci\u00f3n en todos los \u00e1mbitos corporativos, tanto en el marco de la ejecuci\u00f3n del plan de igualdad como de manera puntual y concreta en empresas y organizaciones que tengan o no su plan de igualdad\" \/>\n<meta property=\"og:url\" content=\"https:\/\/encoigualdad.com\/index.php\/comunicacion\/\" \/>\n<meta property=\"og:site_name\" content=\"ENCO_IGUALDAD\" \/>\n<meta property=\"article:modified_time\" content=\"2021-09-27T09:57:29+00:00\" \/>\n<meta name=\"twitter:card\" content=\"summary_large_image\" \/>\n<meta name=\"twitter:label1\" content=\"Tiempo de lectura\" \/>\n\t<meta name=\"twitter:data1\" content=\"1 minuto\" \/>\n<script type=\"application\/ld+json\" class=\"yoast-schema-graph\">{\"@context\":\"https:\/\/schema.org\",\"@graph\":[{\"@type\":\"WebSite\",\"@id\":\"https:\/\/encoigualdad.com\/#website\",\"url\":\"https:\/\/encoigualdad.com\/\",\"name\":\"ENCO_IGUALDAD\",\"description\":\"PLANES DE IGUALDAD PARA EMPRESAS\",\"potentialAction\":[{\"@type\":\"SearchAction\",\"target\":{\"@type\":\"EntryPoint\",\"urlTemplate\":\"https:\/\/encoigualdad.com\/?s={search_term_string}\"},\"query-input\":\"required name=search_term_string\"}],\"inLanguage\":\"es\"},{\"@type\":\"WebPage\",\"@id\":\"https:\/\/encoigualdad.com\/index.php\/comunicacion\/#webpage\",\"url\":\"https:\/\/encoigualdad.com\/index.php\/comunicacion\/\",\"name\":\"COMUNICACI\\u00d3N - ENCO_IGUALDAD\",\"isPartOf\":{\"@id\":\"https:\/\/encoigualdad.com\/#website\"},\"datePublished\":\"2021-08-06T10:34:57+00:00\",\"dateModified\":\"2021-09-27T09:57:29+00:00\",\"description\":\"Dise\\u00f1ar, definir y auditar todo tipo de acciones de comunicaci\\u00f3n en todos los \\u00e1mbitos corporativos, tanto en el marco de la ejecuci\\u00f3n del plan de igualdad como de manera puntual y concreta en empresas y organizaciones que tengan o no su plan de igualdad\",\"breadcrumb\":{\"@id\":\"https:\/\/encoigualdad.com\/index.php\/comunicacion\/#breadcrumb\"},\"inLanguage\":\"es\",\"potentialAction\":[{\"@type\":\"ReadAction\",\"target\":[\"https:\/\/encoigualdad.com\/index.php\/comunicacion\/\"]}]},{\"@type\":\"BreadcrumbList\",\"@id\":\"https:\/\/encoigualdad.com\/index.php\/comunicacion\/#breadcrumb\",\"itemListElement\":[{\"@type\":\"ListItem\",\"position\":1,\"name\":\"Portada\",\"item\":\"https:\/\/encoigualdad.com\/\"},{\"@type\":\"ListItem\",\"position\":2,\"name\":\"COMUNICACI\\u00d3N\"}]}]}<\/script>\n<!-- \/ Yoast SEO plugin. -->","yoast_head_json":{"title":"COMUNICACI\u00d3N - ENCO_IGUALDAD","description":"Dise\u00f1ar, definir y auditar todo tipo de acciones de comunicaci\u00f3n en todos los \u00e1mbitos corporativos, tanto en el marco de la ejecuci\u00f3n del plan de igualdad como de manera puntual y concreta en empresas y organizaciones que tengan o no su plan de igualdad","robots":{"index":"index","follow":"follow","max-snippet":"max-snippet:-1","max-image-preview":"max-image-preview:large","max-video-preview":"max-video-preview:-1"},"canonical":"https:\/\/encoigualdad.com\/index.php\/comunicacion\/","og_locale":"es_ES","og_type":"article","og_title":"COMUNICACI\u00d3N - ENCO_IGUALDAD","og_description":"Dise\u00f1ar, definir y auditar todo tipo de acciones de comunicaci\u00f3n en todos los \u00e1mbitos corporativos, tanto en el marco de la ejecuci\u00f3n del plan de igualdad como de manera puntual y concreta en empresas y organizaciones que tengan o no su plan de igualdad","og_url":"https:\/\/encoigualdad.com\/index.php\/comunicacion\/","og_site_name":"ENCO_IGUALDAD","article_modified_time":"2021-09-27T09:57:29+00:00","twitter_card":"summary_large_image","twitter_misc":{"Tiempo de lectura":"1 minuto"},"schema":{"@context":"https:\/\/schema.org","@graph":[{"@type":"WebSite","@id":"https:\/\/encoigualdad.com\/#website","url":"https:\/\/encoigualdad.com\/","name":"ENCO_IGUALDAD","description":"PLANES DE IGUALDAD PARA EMPRESAS","potentialAction":[{"@type":"SearchAction","target":{"@type":"EntryPoint","urlTemplate":"https:\/\/encoigualdad.com\/?s={search_term_string}"},"query-input":"required name=search_term_string"}],"inLanguage":"es"},{"@type":"WebPage","@id":"https:\/\/encoigualdad.com\/index.php\/comunicacion\/#webpage","url":"https:\/\/encoigualdad.com\/index.php\/comunicacion\/","name":"COMUNICACI\u00d3N - ENCO_IGUALDAD","isPartOf":{"@id":"https:\/\/encoigualdad.com\/#website"},"datePublished":"2021-08-06T10:34:57+00:00","dateModified":"2021-09-27T09:57:29+00:00","description":"Dise\u00f1ar, definir y auditar todo tipo de acciones de comunicaci\u00f3n en todos los \u00e1mbitos corporativos, tanto en el marco de la ejecuci\u00f3n del plan de igualdad como de manera puntual y concreta en empresas y organizaciones que tengan o no su plan de igualdad","breadcrumb":{"@id":"https:\/\/encoigualdad.com\/index.php\/comunicacion\/#breadcrumb"},"inLanguage":"es","potentialAction":[{"@type":"ReadAction","target":["https:\/\/encoigualdad.com\/index.php\/comunicacion\/"]}]},{"@type":"BreadcrumbList","@id":"https:\/\/encoigualdad.com\/index.php\/comunicacion\/#breadcrumb","itemListElement":[{"@type":"ListItem","position":1,"name":"Portada","item":"https:\/\/encoigualdad.com\/"},{"@type":"ListItem","position":2,"name":"COMUNICACI\u00d3N"}]}]}},"_links":{"self":[{"href":"https:\/\/encoigualdad.com\/index.php\/wp-json\/wp\/v2\/pages\/6788"}],"collection":[{"href":"https:\/\/encoigualdad.com\/index.php\/wp-json\/wp\/v2\/pages"}],"about":[{"href":"https:\/\/encoigualdad.com\/index.php\/wp-json\/wp\/v2\/types\/page"}],"author":[{"embeddable":true,"href":"https:\/\/encoigualdad.com\/index.php\/wp-json\/wp\/v2\/users\/1"}],"replies":[{"embeddable":true,"href":"https:\/\/encoigualdad.com\/index.php\/wp-json\/wp\/v2\/comments?post=6788"}],"version-history":[{"count":12,"href":"https:\/\/encoigualdad.com\/index.php\/wp-json\/wp\/v2\/pages\/6788\/revisions"}],"predecessor-version":[{"id":7242,"href":"https:\/\/encoigualdad.com\/index.php\/wp-json\/wp\/v2\/pages\/6788\/revisions\/7242"}],"wp:attachment":[{"href":"https:\/\/encoigualdad.com\/index.php\/wp-json\/wp\/v2\/media?parent=6788"}],"curies":[{"name":"wp","href":"https:\/\/api.w.org\/{rel}","templated":true}]}}